{"id":60,"date":"2014-02-03T19:08:51","date_gmt":"2014-02-03T19:08:51","guid":{"rendered":"http:\/\/www.englishzone.ro\/?page_id=60"},"modified":"2023-08-13T10:58:29","modified_gmt":"2023-08-13T10:58:29","slug":"cursuri-limba-engleza-pitesti","status":"publish","type":"page","link":"https:\/\/www.englishzone.ro\/en\/cursuri-limba-engleza-pitesti\/","title":{"rendered":"Cursuri"},"content":{"rendered":"<div data-colibri-id=\"60-c1\" class=\"style-298 style-local-60-c1 position-relative\">\n  <!---->\n  <div data-colibri-component=\"section\" data-colibri-id=\"60-c2\" id=\"initial-content\" class=\"h-section h-section-global-spacing d-flex align-items-lg-center align-items-md-center align-items-center style-299 style-local-60-c2 position-relative\">\n    <!---->\n    <!---->\n    <div class=\"h-section-grid-container h-section-boxed-container\">\n      <!---->\n      <div data-colibri-id=\"60-c3\" class=\"h-row-container gutters-row-lg-2 gutters-row-md-2 gutters-row-0 gutters-row-v-lg-2 gutters-row-v-md-2 gutters-row-v-2 style-300 style-local-60-c3 position-relative\">\n        <!---->\n        <div class=\"h-row justify-content-lg-center justify-content-md-center justify-content-center align-items-lg-stretch align-items-md-stretch align-items-stretch gutters-col-lg-2 gutters-col-md-2 gutters-col-0 gutters-col-v-lg-2 gutters-col-v-md-2 gutters-col-v-2\">\n          <!---->\n          <div class=\"h-column h-column-container d-flex h-col-lg-auto h-col-md-auto h-col-auto style-301-outer style-local-60-c4-outer\">\n            <div data-colibri-id=\"60-c4\" class=\"d-flex h-flex-basis h-column__inner h-px-lg-2 h-px-md-2 h-px-2 v-inner-lg-2 v-inner-md-2 v-inner-2 style-301 style-local-60-c4 position-relative\">\n              <!---->\n              <!---->\n              <div class=\"w-100 h-y-container h-column__content h-column__v-align flex-basis-100 align-self-lg-start align-self-md-start align-self-start\">\n                <!---->\n                <div data-colibri-id=\"60-c5\" class=\"h-text h-text-component style-477 style-local-60-c5 position-relative h-element\">\n                  <!---->\n                  <!---->\n                  <div class=\"\">\n                    <p><strong style=\"font-size: 16px; font-family: &quot;Open Sans&quot;; color: rgb(70, 112, 127);\">&nbsp;&#8211; Esti la un telefon distanta \ud83d\ude42 0723 36 76 46- cursuri Pitesti<\/strong><\/p>\n                  <\/div>\n                <\/div>\n              <\/div>\n            <\/div>\n          <\/div>\n        <\/div>\n      <\/div>\n      <div data-colibri-id=\"60-c6\" class=\"h-row-container gutters-row-lg-2 gutters-row-md-2 gutters-row-0 gutters-row-v-lg-2 gutters-row-v-md-2 gutters-row-v-2 style-447 style-local-60-c6 position-relative\">\n        <!---->\n        <div class=\"h-row justify-content-lg-center justify-content-md-center justify-content-center align-items-lg-stretch align-items-md-stretch align-items-stretch gutters-col-lg-2 gutters-col-md-2 gutters-col-0 gutters-col-v-lg-2 gutters-col-v-md-2 gutters-col-v-2\">\n          <!---->\n          <div class=\"h-column h-column-container d-flex h-col-lg-auto h-col-md-auto h-col-auto style-448-outer style-local-60-c7-outer\">\n            <div data-colibri-id=\"60-c7\" class=\"d-flex h-flex-basis h-column__inner h-px-lg-2 h-px-md-2 h-px-2 v-inner-lg-2 v-inner-md-2 v-inner-2 style-448 style-local-60-c7 position-relative\">\n              <!---->\n              <!---->\n              <div class=\"w-100 h-y-container h-column__content h-column__v-align flex-basis-100 align-self-lg-start align-self-md-start align-self-start\">\n                <!---->\n                <div data-colibri-id=\"60-c8\" class=\"h-text h-text-component style-303 style-local-60-c8 position-relative h-element\">\n                  <!---->\n                  <!---->\n                  <div class=\"\">\n                    <p>&nbsp;<strong>&nbsp;<\/strong><strong style=\"font-size: 16px; font-family: &quot;Open Sans&quot;; color: rgb(70, 112, 127);\">&#8211; Esti la un telefon distanta \ud83d\ude42 0723 36 76 46- cursuri Pitesti<\/strong><\/p>\n                    <p><strong style=\"font-size: 16px; font-family: &quot;Open Sans&quot;; color: rgb(70, 112, 127);\">Cursurile noastre de limbi moderne pentru copii, adolescenti si adulti:<\/strong><\/p>\n                    <p><strong>&nbsp;@<\/strong> includ tot suportul audio-video necesar, manuale interactive, jocuri, mi\u0219care, activit\u0103\u021bi practice, realia, ingrediente puse \u00eentr-o formul\u0103 care s\u0103 stimuleze abilit\u0103\u021bile de \u00eenv\u0103\u021bare ale tuturor \u0219i care s\u0103 fie\n                      percepute ca o activitate de petrecere a timpului \u00eentr-un mod super amuzant \u0219i totodat\u0103 util.<\/p>\n                    <p>&nbsp;@ reprezint\u0103 oportunitatea ideal\u0103 de a te sim\u021bi bine al\u0103turi de colegi, de a face parte dintr-un colectiv unit, ghidat de un spirit plin de tinere\u021be. \u0218i pentru c\u0103 noi consider\u0103m c\u0103 interac\u021biunea este cea mai bun\u0103 ocazie de a\n                      \u00eenv\u0103\u021ba, \u00ee\u021bi propunem un grup de cursanti din care s\u0103 faci parte \u0219i un profesor \u201cpe cinste\u201d, bine preg\u0103tit din punct de vedere profesional \u0219i plin de voie bun\u0103, care te va antrena cu siguran\u021b\u0103 \u00een jocul \u00eenv\u0103\u021b\u0103rii.<\/p>\n                    <p>&nbsp;@<strong>&nbsp;<\/strong>reprezint\u0103 cheia care deschide u\u0219a spre lumea succesului profesional. Profesorii sunt calificati cu nivelul C2 pe scara europeana a limbilor straine ( CPE\/DALF- C2\n                      <a href=\"http:\/\/europass.cedefop.europa.eu\/ro\/resources\/european-language-levels-cefr\"\n                        style=\"font-family: &quot;Open Sans&quot;; font-weight: 400; font-size: 16px; color: rgb(0, 102, 204);\" class=\"customize-unpreviewable\">http:\/\/europass.cedefop.europa.eu\/ro\/resources\/european-language-levels-cefr<\/a>)\n                      <br>\n                    <\/p>\n                    <p>&nbsp;@ i\u021bi vor aduce un plus at\u00e2t din punct de vedere personal c\u00e2t \u0219i profesional.<\/p>\n                    <p>@&nbsp;urmeaz\u0103 metodologia corespunz\u0103toare \u00een vederea examenelor de atestare interna\u0163ional\u0103- Cambridge, DELF\/DALF, Goethe<\/p>\n                    <p>&nbsp;<strong>Manualele interactive:&nbsp;<\/strong><\/p>\n                    <p><strong>@&nbsp;<\/strong>\u00ee\u021bi vor ghida pa\u0219ii spre ob\u021binerea nivelului dorit, de la A1 la C2 conform grilei nivelurilor europene ale limbilor str\u0103ine.<\/p>\n                    <p><span style=\"color: rgb(70, 112, 127); font-family: &quot;Open Sans&quot;; font-size: 16px; font-weight: 400;\">@sunt special concepute pentru table interactive si sistemele noastre&nbsp;eBeam si se adreseaz\u0103 \u00een mod direct, asemeni unei invita\u021bii ce nu o po\u021bi refuza.<\/span>\n                      <strong\n                        style=\"color: rgb(70, 112, 127); font-family: &quot;Open Sans&quot;; font-size: 16px; font-weight: 400;\">&nbsp;&nbsp;&nbsp;&nbsp;<\/strong>\n                    <\/p>\n                    <p><span style=\"color: rgb(70, 112, 127); font-family: &quot;Open Sans&quot;; font-size: 16px; font-weight: 400;\">Echipa noastr\u0103 se afl\u0103 \u00een slujba form\u0103rii abilit\u0103\u021bilor de comunicare ale cursantilor.<\/span><\/p>\n                    <p>\n                      <a href=\"http:\/\/europass.cedefop.europa.eu\/ro\/resources\/european-language-levels-cefr\" class=\"customize-unpreviewable\">&nbsp;<\/a>Oferim excelen\u021b\u0103 \u0219i respect pentru oameni, suntem receptivi la nevoile \u0219i a\u0219tept\u0103rile voastre \u0219i facem tot ceea ce se poate pentru ca TU s\u0103 reu\u0219e\u0219ti.<\/p>\n                    <p><strong style=\"font-size: 16px; font-family: &quot;Open Sans&quot;; color: rgb(70, 112, 127);\">Cursuri online interactive &#8211; pentru oferta suna la&nbsp;0723 36 76 46- cursuri Pitesti.<\/strong><\/p>\n                    <p><strong style=\"font-size: 16px; font-family: &quot;Open Sans&quot;; color: rgb(70, 112, 127);\">Oferim cursuri online de 1h\/sapt (copii si adolescenti), 2h\/sapt adulti<\/strong><\/p>\n                    <p><strong>Costuri<\/strong>: 25 ron\/1h<\/p>\n                  <\/div>\n                <\/div>\n              <\/div>\n            <\/div>\n          <\/div>\n          <div class=\"h-column h-column-container d-flex h-col-lg-auto h-col-md-auto h-col-auto style-478-outer style-local-60-c9-outer\">\n            <div data-colibri-id=\"60-c9\" class=\"d-flex h-flex-basis h-column__inner h-px-lg-2 h-px-md-2 h-px-2 v-inner-lg-2 v-inner-md-2 v-inner-2 style-478 style-local-60-c9 position-relative\">\n              <!---->\n              <!---->\n              <div class=\"w-100 h-y-container h-column__content h-column__v-align flex-basis-100 align-self-lg-start align-self-md-start align-self-start\">\n                <!---->\n                <div data-colibri-id=\"60-c10\" class=\"d-block style-479 style-local-60-c10 position-relative h-element\">\n                  <!---->\n                  <div class=\"h-image__frame-container-outer\">\n                    <div class=\"h-image__frame-container\">\n                      <!---->\n                      <!---->\n                      <img loading=\"lazy\" decoding=\"async\" width=\"544\" height=\"197\" data-attachment-id=\"1192\" data-permalink=\"https:\/\/www.englishzone.ro\/en\/cropped-cropped-english-zone-logo-jpg\/\" data-orig-file=\"https:\/\/www.englishzone.ro\/wp-content\/uploads\/2023\/08\/cropped-cropped-english-zone-logo.jpg\" data-orig-size=\"544,197\" data-comments-opened=\"0\" data-image-meta=\"{&quot;aperture&quot;:&quot;0&quot;,&quot;credit&quot;:&quot;&quot;,&quot;camera&quot;:&quot;&quot;,&quot;caption&quot;:&quot;&quot;,&quot;created_timestamp&quot;:&quot;0&quot;,&quot;copyright&quot;:&quot;&quot;,&quot;focal_length&quot;:&quot;0&quot;,&quot;iso&quot;:&quot;0&quot;,&quot;shutter_speed&quot;:&quot;0&quot;,&quot;title&quot;:&quot;&quot;,&quot;orientation&quot;:&quot;0&quot;}\" data-image-title=\"cropped-cropped-english-zone-logo.jpg\" data-image-description=\"&lt;p&gt;http:\/\/www.englishzone.ro\/wp-content\/uploads\/2023\/08\/cropped-english-zone-logo.jpg&lt;\/p&gt;\" data-image-caption=\"\" data-medium-file=\"https:\/\/www.englishzone.ro\/wp-content\/uploads\/2023\/08\/cropped-cropped-english-zone-logo-300x109.jpg\" data-large-file=\"https:\/\/www.englishzone.ro\/wp-content\/uploads\/2023\/08\/cropped-cropped-english-zone-logo.jpg\" src=\"http:\/\/www.englishzone.ro\/wp-content\/uploads\/2023\/08\/cropped-cropped-english-zone-logo.jpg\" class=\"wp-image-1192 style-479-image style-local-60-c10-image\" alt=\"\" srcset=\"https:\/\/www.englishzone.ro\/wp-content\/uploads\/2023\/08\/cropped-cropped-english-zone-logo.jpg 544w, https:\/\/www.englishzone.ro\/wp-content\/uploads\/2023\/08\/cropped-cropped-english-zone-logo-300x109.jpg 300w, https:\/\/www.englishzone.ro\/wp-content\/uploads\/2023\/08\/cropped-cropped-english-zone-logo-18x7.jpg 18w\" sizes=\"auto, (max-width: 544px) 100vw, 544px\" \/>\n                      <div class=\"h-image__frame h-hide-lg h-hide-md h-hide-sm style-479-frameImage style-local-60-c10-frameImage\"><\/div>\n                    <\/div>\n                  <\/div>\n                <\/div>\n              <\/div>\n            <\/div>\n          <\/div>\n        <\/div>\n      <\/div>\n    <\/div>\n  <\/div>\n<\/div>","protected":false},"excerpt":{"rendered":"<p>&nbsp;&#8211; Esti la un telefon distanta \ud83d\ude42 0723 36 76 46- cursuri Pitesti &nbsp;&nbsp;&#8211; Esti la un telefon distanta \ud83d\ude42 0723 36 76 46- cursuri Pitesti Cursurile noastre de limbi moderne pentru copii, adolescenti si adulti: &nbsp;@ includ tot suportul audio-video necesar, manuale interactive, jocuri, mi\u0219care, activit\u0103\u021bi practice, realia, ingrediente puse \u00eentr-o formul\u0103 care s\u0103 [&hellip;]<\/p>","protected":false},"author":1,"featured_media":0,"parent":0,"menu_order":0,"comment_status":"closed","ping_status":"closed","template":"page-templates\/full-width-page.php","meta":{"jetpack_post_was_ever_published":false,"footnotes":""},"class_list":["post-60","page","type-page","status-publish","hentry"],"jetpack_sharing_enabled":true,"jetpack_shortlink":"https:\/\/wp.me\/P4r8qV-Y","_links":{"self":[{"href":"https:\/\/www.englishzone.ro\/en\/wp-json\/wp\/v2\/pages\/60","targetHints":{"allow":["GET"]}}],"collection":[{"href":"https:\/\/www.englishzone.ro\/en\/wp-json\/wp\/v2\/pages"}],"about":[{"href":"https:\/\/www.englishzone.ro\/en\/wp-json\/wp\/v2\/types\/page"}],"author":[{"embeddable":true,"href":"https:\/\/www.englishzone.ro\/en\/wp-json\/wp\/v2\/users\/1"}],"replies":[{"embeddable":true,"href":"https:\/\/www.englishzone.ro\/en\/wp-json\/wp\/v2\/comments?post=60"}],"version-history":[{"count":19,"href":"https:\/\/www.englishzone.ro\/en\/wp-json\/wp\/v2\/pages\/60\/revisions"}],"predecessor-version":[{"id":1195,"href":"https:\/\/www.englishzone.ro\/en\/wp-json\/wp\/v2\/pages\/60\/revisions\/1195"}],"wp:attachment":[{"href":"https:\/\/www.englishzone.ro\/en\/wp-json\/wp\/v2\/media?parent=60"}],"curies":[{"name":"wp","href":"https:\/\/api.w.org\/{rel}","templated":true}]}}