{"id":72,"date":"2014-02-09T19:17:04","date_gmt":"2014-02-09T19:17:04","guid":{"rendered":"http:\/\/www.englishzone.ro\/?page_id=72"},"modified":"2023-02-26T11:21:03","modified_gmt":"2023-02-26T11:21:03","slug":"start","status":"publish","type":"page","link":"https:\/\/www.englishzone.ro\/ro\/start\/","title":{"rendered":"Start"},"content":{"rendered":"<p><!-- Google tag (gtag.js) --><br \/>\n<script async src=\"https:\/\/www.googletagmanager.com\/gtag\/js?id=AW-11091004122\"><\/script><br \/>\n<script>\n  window.dataLayer = window.dataLayer || [];\n  function gtag(){dataLayer.push(arguments);}\n  gtag('js', new Date());<\/p>\n<p>  gtag('config', 'AW-11091004122');\n<\/script><\/p>\n<p>Dragi elevi, dragi parinti, dragi profesori,<\/p>\n<p>Cu English Zone invatarea unei limbi straine devine o experienta unica, interactiva, plina de culoare si optimism. Vino in echipa noastra si examenele Cambridge nu vor mai fi o provocare greu de depasit! Aceste examene sunt recunoscute de \u0219coli, universit\u0103\u021bi, angajatori din sectorul public \u0219i privat din toate \u021b\u0103rile vorbitoare de limba englez\u0103. Succesul ob\u021binut \u00een urma sus\u021binerii unui examen Cambridge English \u00ee\u021bi ofer\u0103 un certificat recunoscut interna\u021bional ce demonstreaz\u0103 nivelul t\u0103u de limba englez\u0103.<\/p>\n<p><img loading=\"lazy\" decoding=\"async\" data-attachment-id=\"207\" data-permalink=\"https:\/\/www.englishzone.ro\/ro\/start\/sigla-english-zone-_final\/\" data-orig-file=\"https:\/\/www.englishzone.ro\/wp-content\/uploads\/2018\/06\/Sigla-English-Zone-_final.jpg\" data-orig-size=\"2048,1322\" data-comments-opened=\"0\" data-image-meta=\"{&quot;aperture&quot;:&quot;0&quot;,&quot;credit&quot;:&quot;&quot;,&quot;camera&quot;:&quot;&quot;,&quot;caption&quot;:&quot;&quot;,&quot;created_timestamp&quot;:&quot;0&quot;,&quot;copyright&quot;:&quot;&quot;,&quot;focal_length&quot;:&quot;0&quot;,&quot;iso&quot;:&quot;0&quot;,&quot;shutter_speed&quot;:&quot;0&quot;,&quot;title&quot;:&quot;&quot;,&quot;orientation&quot;:&quot;0&quot;}\" data-image-title=\"Sigla English Zone _final\" data-image-description=\"\" data-image-caption=\"\" data-medium-file=\"https:\/\/www.englishzone.ro\/wp-content\/uploads\/2018\/06\/Sigla-English-Zone-_final-300x194.jpg\" data-large-file=\"https:\/\/www.englishzone.ro\/wp-content\/uploads\/2018\/06\/Sigla-English-Zone-_final-1024x661.jpg\" class=\"aligncenter wp-image-207 size-full\" src=\"http:\/\/www.englishzone.ro\/wp-content\/uploads\/2018\/06\/Sigla-English-Zone-_final.jpg\" alt=\"\" width=\"2048\" height=\"1322\" srcset=\"https:\/\/www.englishzone.ro\/wp-content\/uploads\/2018\/06\/Sigla-English-Zone-_final.jpg 2048w, https:\/\/www.englishzone.ro\/wp-content\/uploads\/2018\/06\/Sigla-English-Zone-_final-300x194.jpg 300w, https:\/\/www.englishzone.ro\/wp-content\/uploads\/2018\/06\/Sigla-English-Zone-_final-768x496.jpg 768w, https:\/\/www.englishzone.ro\/wp-content\/uploads\/2018\/06\/Sigla-English-Zone-_final-1024x661.jpg 1024w\" sizes=\"auto, (max-width: 2048px) 100vw, 2048px\" \/><\/p>\n<p>Centrul English Zone ofera cursuri de pregatire si sustinere a examenelor Cambridge incepand cu varste fragede.<\/p>\n<p>pre- STARTERS (5-7 ani)<\/p>\n<p>YLE Young Learners English (7-12 ani)<\/p>\n<p>KET \u2013 Key English Test,<\/p>\n<p>PET \u2013 Preliminary English Test,<\/p>\n<p>FCE \u2013 First Certificate in English,<\/p>\n<p>CAE \u2013 Certificate in Advanced English).<\/p>\n<p>CPE \u2013 Certificate of Proficiency in English<\/p>\n<p>Te asteptam cu drag!<\/p>\n<p>&nbsp;<\/p>\n","protected":false},"excerpt":{"rendered":"<p>Dragi elevi, dragi parinti, dragi profesori, Cu English Zone invatarea unei limbi straine devine o experienta unica, interactiva, plina de culoare si optimism. Vino in echipa noastra si examenele Cambridge nu vor mai fi o provocare greu de depasit! Aceste examene sunt recunoscute de \u0219coli, universit\u0103\u021bi, angajatori din sectorul public \u0219i privat din toate \u021b\u0103rile [&hellip;]<\/p>\n","protected":false},"author":1,"featured_media":0,"parent":0,"menu_order":0,"comment_status":"closed","ping_status":"closed","template":"","meta":{"jetpack_post_was_ever_published":false,"footnotes":""},"class_list":["post-72","page","type-page","status-publish","hentry"],"jetpack_sharing_enabled":true,"jetpack_shortlink":"https:\/\/wp.me\/P4r8qV-1a","_links":{"self":[{"href":"https:\/\/www.englishzone.ro\/ro\/wp-json\/wp\/v2\/pages\/72","targetHints":{"allow":["GET"]}}],"collection":[{"href":"https:\/\/www.englishzone.ro\/ro\/wp-json\/wp\/v2\/pages"}],"about":[{"href":"https:\/\/www.englishzone.ro\/ro\/wp-json\/wp\/v2\/types\/page"}],"author":[{"embeddable":true,"href":"https:\/\/www.englishzone.ro\/ro\/wp-json\/wp\/v2\/users\/1"}],"replies":[{"embeddable":true,"href":"https:\/\/www.englishzone.ro\/ro\/wp-json\/wp\/v2\/comments?post=72"}],"version-history":[{"count":10,"href":"https:\/\/www.englishzone.ro\/ro\/wp-json\/wp\/v2\/pages\/72\/revisions"}],"predecessor-version":[{"id":1143,"href":"https:\/\/www.englishzone.ro\/ro\/wp-json\/wp\/v2\/pages\/72\/revisions\/1143"}],"wp:attachment":[{"href":"https:\/\/www.englishzone.ro\/ro\/wp-json\/wp\/v2\/media?parent=72"}],"curies":[{"name":"wp","href":"https:\/\/api.w.org\/{rel}","templated":true}]}}